{"id":920,"date":"2023-07-21T20:29:32","date_gmt":"2023-07-21T18:29:32","guid":{"rendered":"https:\/\/www.bmbike.sk\/?page_id=920"},"modified":"2023-07-22T18:16:50","modified_gmt":"2023-07-22T16:16:50","slug":"rozzo-uvod","status":"publish","type":"page","link":"https:\/\/www.bmbike.sk\/en_us\/rozzo-uvod\/","title":{"rendered":"\u200e"},"content":{"rendered":"<div data-elementor-type=\"wp-page\" data-elementor-id=\"920\" class=\"elementor elementor-920\" data-elementor-settings=\"[]\">\n\t\t\t\t\t\t<div class=\"elementor-inner\">\n\t\t\t\t\t\t\t<div class=\"elementor-section-wrap\">\n\t\t\t\t\t\t\t<section class=\"elementor-section elementor-top-section elementor-element elementor-element-695ed319 elementor-section-boxed elementor-section-height-default elementor-section-height-default\" data-id=\"695ed319\" data-element_type=\"section\">\n\t\t\t\t\t\t<div class=\"elementor-container elementor-column-gap-default\">\n\t\t\t\t\t\t\t<div class=\"elementor-row\">\n\t\t\t\t\t<div class=\"elementor-column elementor-col-100 elementor-top-column elementor-element elementor-element-d9c1f99\" data-id=\"d9c1f99\" data-element_type=\"column\">\n\t\t\t<div class=\"elementor-column-wrap elementor-element-populated\">\n\t\t\t\t\t\t\t<div class=\"elementor-widget-wrap\">\n\t\t\t\t\t\t<div class=\"elementor-element elementor-element-95fd7b4 elementor-widget elementor-widget-image\" data-id=\"95fd7b4\" data-element_type=\"widget\" data-widget_type=\"image.default\">\n\t\t\t\t<div class=\"elementor-widget-container\">\n\t\t\t\t\t\t\t\t<div class=\"elementor-image\">\n\t\t\t\t\t\t\t\t\t\t\t\t\t<a href=\"https:\/\/www.rozzo.cz\/kola\">\n\t\t\t\t\t\t\t<img width=\"750\" height=\"146\" src=\"https:\/\/www.bmbike.sk\/wp-content\/uploads\/2023\/07\/rozzo-black.png\" class=\"attachment-large size-large\" alt=\"\" loading=\"lazy\" srcset=\"https:\/\/www.bmbike.sk\/wp-content\/uploads\/2023\/07\/rozzo-black.png 872w, https:\/\/www.bmbike.sk\/wp-content\/uploads\/2023\/07\/rozzo-black-300x58.png 300w, https:\/\/www.bmbike.sk\/wp-content\/uploads\/2023\/07\/rozzo-black-768x150.png 768w, https:\/\/www.bmbike.sk\/wp-content\/uploads\/2023\/07\/rozzo-black-18x4.png 18w\" sizes=\"(max-width: 750px) 100vw, 750px\" \/>\t\t\t\t\t\t\t\t<\/a>\n\t\t\t\t\t\t\t\t\t\t\t\t\t\t<\/div>\n\t\t\t\t\t\t<\/div>\n\t\t\t\t<\/div>\n\t\t\t\t<div class=\"elementor-element elementor-element-50f07d6 elementor-widget elementor-widget-spacer\" data-id=\"50f07d6\" data-element_type=\"widget\" data-widget_type=\"spacer.default\">\n\t\t\t\t<div class=\"elementor-widget-container\">\n\t\t\t\t\t<div class=\"elementor-spacer\">\n\t\t\t<div class=\"elementor-spacer-inner\"><\/div>\n\t\t<\/div>\n\t\t\t\t<\/div>\n\t\t\t\t<\/div>\n\t\t\t\t<div class=\"elementor-element elementor-element-4ba6fcb elementor-widget elementor-widget-heading\" data-id=\"4ba6fcb\" data-element_type=\"widget\" data-widget_type=\"heading.default\">\n\t\t\t\t<div class=\"elementor-widget-container\">\n\t\t\t<h4 class=\"elementor-heading-title elementor-size-default\">Od sna k v\u00fdrobe bicyklov:<\/h4>\t\t<\/div>\n\t\t\t\t<\/div>\n\t\t\t\t<div class=\"elementor-element elementor-element-3e1ca96 elementor-widget elementor-widget-text-editor\" data-id=\"3e1ca96\" data-element_type=\"widget\" data-widget_type=\"text-editor.default\">\n\t\t\t\t<div class=\"elementor-widget-container\">\n\t\t\t\t\t\t\t\t<div class=\"elementor-text-editor elementor-clearfix\">\n\t\t\t\t<p>Majite\u013eom tejto zna\u010dky nie je nikto in\u00fd, ako Jarom\u00edr Hrub\u00fd. Jarom\u00edr v 80. rokoch zat\u00fa\u017eil po bicykli F1 legend\u00e1rnej zna\u010dky Favorit. Bohu\u017eia\u013e ho nez\u00edskal, nako\u013eko nebol registrovan\u00fd cyklista, \u010do v tej dobe bolo podmienkou. A ke\u010f\u017ee si svoj vysn\u00edvan\u00fd bicykel nemohol k\u00fapi\u0165, rozhodol sa, \u017ee si ho s\u00e1m postav\u00ed. Z nieko\u013ek\u00fdch trubiek z dielne Favoritu zrazu postavil svoje prv\u00e9 bycikle. Nie\u010do \u010do najsk\u00f4r bola z\u00e1bava a bicykle pre kamar\u00e1tov sa \u010dasom zmenilo na bicykle zna\u010dky ROZZO.&nbsp;<\/p>\t\t\t\t\t<\/div>\n\t\t\t\t\t\t<\/div>\n\t\t\t\t<\/div>\n\t\t\t\t<div class=\"elementor-element elementor-element-21dbfd1 elementor-widget elementor-widget-image\" data-id=\"21dbfd1\" data-element_type=\"widget\" data-widget_type=\"image.default\">\n\t\t\t\t<div class=\"elementor-widget-container\">\n\t\t\t\t\t\t\t\t<div class=\"elementor-image\">\n\t\t\t\t\t\t\t\t\t\t\t\t<img width=\"300\" height=\"225\" src=\"https:\/\/www.bmbike.sk\/wp-content\/uploads\/2023\/07\/004-300x225.jpeg\" class=\"attachment-medium size-medium\" alt=\"\" loading=\"lazy\" srcset=\"https:\/\/www.bmbike.sk\/wp-content\/uploads\/2023\/07\/004-300x225.jpeg 300w, https:\/\/www.bmbike.sk\/wp-content\/uploads\/2023\/07\/004-768x576.jpeg 768w, https:\/\/www.bmbike.sk\/wp-content\/uploads\/2023\/07\/004-16x12.jpeg 16w, https:\/\/www.bmbike.sk\/wp-content\/uploads\/2023\/07\/004.jpeg 1000w\" sizes=\"(max-width: 300px) 100vw, 300px\" \/>\t\t\t\t\t\t\t\t\t\t\t\t\t\t<\/div>\n\t\t\t\t\t\t<\/div>\n\t\t\t\t<\/div>\n\t\t\t\t<div class=\"elementor-element elementor-element-4dc0f8d elementor-widget-divider--view-line elementor-widget elementor-widget-divider\" data-id=\"4dc0f8d\" data-element_type=\"widget\" data-widget_type=\"divider.default\">\n\t\t\t\t<div class=\"elementor-widget-container\">\n\t\t\t\t\t<div class=\"elementor-divider\">\n\t\t\t<span class=\"elementor-divider-separator\">\n\t\t\t\t\t\t<\/span>\n\t\t<\/div>\n\t\t\t\t<\/div>\n\t\t\t\t<\/div>\n\t\t\t\t<div class=\"elementor-element elementor-element-d185420 elementor-widget elementor-widget-heading\" data-id=\"d185420\" data-element_type=\"widget\" data-widget_type=\"heading.default\">\n\t\t\t\t<div class=\"elementor-widget-container\">\n\t\t\t<h4 class=\"elementor-heading-title elementor-size-default\">Patentovan\u00e9 bicykle ROZZO:<\/h4>\t\t<\/div>\n\t\t\t\t<\/div>\n\t\t\t\t<div class=\"elementor-element elementor-element-02c38cd elementor-widget elementor-widget-text-editor\" data-id=\"02c38cd\" data-element_type=\"widget\" data-widget_type=\"text-editor.default\">\n\t\t\t\t<div class=\"elementor-widget-container\">\n\t\t\t\t\t\t\t\t<div class=\"elementor-text-editor elementor-clearfix\">\n\t\t\t\t<p>V\u00fdroba bicyklov u Jarom\u00edra Hrub\u00e9ho nie je \u017eiadnou s\u00e9riovou v\u00fdrobou. Pr\u00e1ve Joram\u00edr za\u010dal ako prv\u00fd v \u010cR experimentova\u0165 s karbon\u00f3m. Odhadom sa pri ka\u017edom karb\u00f3novom r\u00e1me v idelni Jarom\u00edra Hrub\u00e9ho str\u00e1vi pribli\u017ene 60-80 hod\u00edn a to bez kompletiz\u00e1cie a lakovania. V s\u00fa\u010dasnosti si Jarom\u00edr Hrub\u00fd nech\u00e1va patentova\u0165 vlastn\u00fd syst\u00e9m viackomorov\u00e9ho r\u00e1mu, ktor\u00fd ma okrem odolnosti aj \u010fal\u0161ie v\u00fdborn\u00e9 vlasnosti. V roku 2019 sa Jarom\u00edr Hrub\u00fd rozhodol spoji\u0165 s Jardom Mikuli\u010dkom<span style=\"font-size: inherit;\">\u00a0zo spolo\u010dnosti JMC Trading a spustil tak v\u00fdrobu s\u00e9riovo vyr\u00e1ban\u00fdch bicyklov pre \u0161iroku verejnos\u0165.\u00a0<\/span><\/p>\t\t\t\t\t<\/div>\n\t\t\t\t\t\t<\/div>\n\t\t\t\t<\/div>\n\t\t\t\t<div class=\"elementor-element elementor-element-be10b51 elementor-widget elementor-widget-image\" data-id=\"be10b51\" data-element_type=\"widget\" data-widget_type=\"image.default\">\n\t\t\t\t<div class=\"elementor-widget-container\">\n\t\t\t\t\t\t\t\t<div class=\"elementor-image\">\n\t\t\t\t\t\t\t\t\t\t\t\t<img width=\"300\" height=\"200\" src=\"https:\/\/www.bmbike.sk\/wp-content\/uploads\/2023\/07\/006-300x200.jpeg\" class=\"attachment-medium size-medium\" alt=\"\" loading=\"lazy\" srcset=\"https:\/\/www.bmbike.sk\/wp-content\/uploads\/2023\/07\/006-300x200.jpeg 300w, https:\/\/www.bmbike.sk\/wp-content\/uploads\/2023\/07\/006-768x512.jpeg 768w, https:\/\/www.bmbike.sk\/wp-content\/uploads\/2023\/07\/006-18x12.jpeg 18w, https:\/\/www.bmbike.sk\/wp-content\/uploads\/2023\/07\/006-360x240.jpeg 360w, https:\/\/www.bmbike.sk\/wp-content\/uploads\/2023\/07\/006.jpeg 1000w\" sizes=\"(max-width: 300px) 100vw, 300px\" \/>\t\t\t\t\t\t\t\t\t\t\t\t\t\t<\/div>\n\t\t\t\t\t\t<\/div>\n\t\t\t\t<\/div>\n\t\t\t\t<div class=\"elementor-element elementor-element-9a486d4 elementor-widget-divider--view-line elementor-widget elementor-widget-divider\" data-id=\"9a486d4\" data-element_type=\"widget\" data-widget_type=\"divider.default\">\n\t\t\t\t<div class=\"elementor-widget-container\">\n\t\t\t\t\t<div class=\"elementor-divider\">\n\t\t\t<span class=\"elementor-divider-separator\">\n\t\t\t\t\t\t<\/span>\n\t\t<\/div>\n\t\t\t\t<\/div>\n\t\t\t\t<\/div>\n\t\t\t\t<div class=\"elementor-element elementor-element-6eac147 elementor-widget elementor-widget-heading\" data-id=\"6eac147\" data-element_type=\"widget\" data-widget_type=\"heading.default\">\n\t\t\t\t<div class=\"elementor-widget-container\">\n\t\t\t<h4 class=\"elementor-heading-title elementor-size-default\">Kto jazd\u00ed s ROZZO?<\/h4>\t\t<\/div>\n\t\t\t\t<\/div>\n\t\t\t\t<div class=\"elementor-element elementor-element-fc103a0 elementor-widget elementor-widget-text-editor\" data-id=\"fc103a0\" data-element_type=\"widget\" data-widget_type=\"text-editor.default\">\n\t\t\t\t<div class=\"elementor-widget-container\">\n\t\t\t\t\t\t\t\t<div class=\"elementor-text-editor elementor-clearfix\">\n\t\t\t\t<p>Na sedanke bicykov zna\u010dky ROZZO sedeli zn\u00e1me men\u00e1 ako napr\u00edklad Mark Levinson, Lada Kozl\u00edkov\u00e1, Martina S\u00e1blikov\u00e1, Ond\u0159ej Sosenka, Martin Matula a \u010fal\u0161\u00ed.<\/p>\t\t\t\t\t<\/div>\n\t\t\t\t\t\t<\/div>\n\t\t\t\t<\/div>\n\t\t\t\t<div class=\"elementor-element elementor-element-1f27e8b elementor-widget elementor-widget-image\" data-id=\"1f27e8b\" data-element_type=\"widget\" data-widget_type=\"image.default\">\n\t\t\t\t<div class=\"elementor-widget-container\">\n\t\t\t\t\t\t\t\t<div class=\"elementor-image\">\n\t\t\t\t\t\t\t\t\t\t\t\t<img width=\"300\" height=\"225\" src=\"https:\/\/www.bmbike.sk\/wp-content\/uploads\/2023\/07\/005-300x225.jpeg\" class=\"attachment-medium size-medium\" alt=\"\" loading=\"lazy\" srcset=\"https:\/\/www.bmbike.sk\/wp-content\/uploads\/2023\/07\/005-300x225.jpeg 300w, https:\/\/www.bmbike.sk\/wp-content\/uploads\/2023\/07\/005-768x576.jpeg 768w, https:\/\/www.bmbike.sk\/wp-content\/uploads\/2023\/07\/005-16x12.jpeg 16w, https:\/\/www.bmbike.sk\/wp-content\/uploads\/2023\/07\/005.jpeg 1000w\" sizes=\"(max-width: 300px) 100vw, 300px\" \/>\t\t\t\t\t\t\t\t\t\t\t\t\t\t<\/div>\n\t\t\t\t\t\t<\/div>\n\t\t\t\t<\/div>\n\t\t\t\t<div class=\"elementor-element elementor-element-983a29b elementor-widget elementor-widget-text-editor\" data-id=\"983a29b\" data-element_type=\"widget\" data-widget_type=\"text-editor.default\">\n\t\t\t\t<div class=\"elementor-widget-container\">\n\t\t\t\t\t\t\t\t<div class=\"elementor-text-editor elementor-clearfix\">\n\t\t\t\t<p style=\"text-align: center;\"><b>Viac z hist\u00f3rie na <a href=\"https:\/\/www.rozzo.cz\/ceska-znacka-s-vice-jak-30-letou-tradici\">rozzo.cz<\/a><\/b><\/p>\t\t\t\t\t<\/div>\n\t\t\t\t\t\t<\/div>\n\t\t\t\t<\/div>\n\t\t\t\t<div class=\"elementor-element elementor-element-68aec84 elementor-widget elementor-widget-spacer\" data-id=\"68aec84\" data-element_type=\"widget\" data-widget_type=\"spacer.default\">\n\t\t\t\t<div class=\"elementor-widget-container\">\n\t\t\t\t\t<div class=\"elementor-spacer\">\n\t\t\t<div class=\"elementor-spacer-inner\"><\/div>\n\t\t<\/div>\n\t\t\t\t<\/div>\n\t\t\t\t<\/div>\n\t\t\t\t\t\t<\/div>\n\t\t\t\t\t<\/div>\n\t\t<\/div>\n\t\t\t\t\t\t\t\t<\/div>\n\t\t\t\t\t<\/div>\n\t\t<\/section>\n\t\t\t\t<section class=\"elementor-section elementor-top-section elementor-element elementor-element-d1da7ca elementor-section-boxed elementor-section-height-default elementor-section-height-default\" data-id=\"d1da7ca\" data-element_type=\"section\">\n\t\t\t\t\t\t<div class=\"elementor-container elementor-column-gap-default\">\n\t\t\t\t\t\t\t<div class=\"elementor-row\">\n\t\t\t\t\t<div class=\"elementor-column elementor-col-100 elementor-top-column elementor-element elementor-element-d312f31\" data-id=\"d312f31\" data-element_type=\"column\">\n\t\t\t<div class=\"elementor-column-wrap elementor-element-populated\">\n\t\t\t\t\t\t\t<div class=\"elementor-widget-wrap\">\n\t\t\t\t\t\t<div class=\"elementor-element elementor-element-05e311e elementor-widget elementor-widget-heading\" data-id=\"05e311e\" data-element_type=\"widget\" data-widget_type=\"heading.default\">\n\t\t\t\t<div class=\"elementor-widget-container\">\n\t\t\t<h1 class=\"elementor-heading-title elementor-size-xl\"><a href=\"https:\/\/www.rozzo.cz\/kola\" target=\"_blank\">Prezrite si bicykle ROZZO<\/a><\/h1>\t\t<\/div>\n\t\t\t\t<\/div>\n\t\t\t\t\t\t<\/div>\n\t\t\t\t\t<\/div>\n\t\t<\/div>\n\t\t\t\t\t\t\t\t<\/div>\n\t\t\t\t\t<\/div>\n\t\t<\/section>\n\t\t\t\t<section class=\"elementor-section elementor-top-section elementor-element elementor-element-4df0eda elementor-section-boxed elementor-section-height-default elementor-section-height-default\" data-id=\"4df0eda\" data-element_type=\"section\">\n\t\t\t\t\t\t<div class=\"elementor-container elementor-column-gap-default\">\n\t\t\t\t\t\t\t<div class=\"elementor-row\">\n\t\t\t\t\t<div class=\"elementor-column elementor-col-100 elementor-top-column elementor-element elementor-element-bda8c20\" data-id=\"bda8c20\" data-element_type=\"column\">\n\t\t\t<div class=\"elementor-column-wrap elementor-element-populated\">\n\t\t\t\t\t\t\t<div class=\"elementor-widget-wrap\">\n\t\t\t\t\t\t<section class=\"elementor-section elementor-inner-section elementor-element elementor-element-2f34132 elementor-section-boxed elementor-section-height-default elementor-section-height-default\" data-id=\"2f34132\" data-element_type=\"section\">\n\t\t\t\t\t\t<div class=\"elementor-container elementor-column-gap-default\">\n\t\t\t\t\t\t\t<div class=\"elementor-row\">\n\t\t\t\t\t<div class=\"elementor-column elementor-col-33 elementor-inner-column elementor-element elementor-element-5e42f4c\" data-id=\"5e42f4c\" data-element_type=\"column\">\n\t\t\t<div class=\"elementor-column-wrap elementor-element-populated\">\n\t\t\t\t\t\t\t<div class=\"elementor-widget-wrap\">\n\t\t\t\t\t\t<div class=\"elementor-element elementor-element-97d3143 elementor-widget elementor-widget-image\" data-id=\"97d3143\" data-element_type=\"widget\" data-widget_type=\"image.default\">\n\t\t\t\t<div class=\"elementor-widget-container\">\n\t\t\t\t\t\t\t\t<div class=\"elementor-image\">\n\t\t\t\t\t\t\t\t\t\t\t\t\t<a href=\"https:\/\/www.rozzo.cz\/kola\">\n\t\t\t\t\t\t\t<img width=\"750\" height=\"563\" src=\"https:\/\/www.bmbike.sk\/wp-content\/uploads\/2023\/07\/B5030057-1024x768.jpg\" class=\"attachment-large size-large\" alt=\"\" loading=\"lazy\" srcset=\"https:\/\/www.bmbike.sk\/wp-content\/uploads\/2023\/07\/B5030057-1024x768.jpg 1024w, https:\/\/www.bmbike.sk\/wp-content\/uploads\/2023\/07\/B5030057-300x225.jpg 300w, https:\/\/www.bmbike.sk\/wp-content\/uploads\/2023\/07\/B5030057-768x576.jpg 768w, https:\/\/www.bmbike.sk\/wp-content\/uploads\/2023\/07\/B5030057-1536x1152.jpg 1536w, https:\/\/www.bmbike.sk\/wp-content\/uploads\/2023\/07\/B5030057-2048x1536.jpg 2048w, https:\/\/www.bmbike.sk\/wp-content\/uploads\/2023\/07\/B5030057-16x12.jpg 16w\" sizes=\"(max-width: 750px) 100vw, 750px\" \/>\t\t\t\t\t\t\t\t<\/a>\n\t\t\t\t\t\t\t\t\t\t\t\t\t\t<\/div>\n\t\t\t\t\t\t<\/div>\n\t\t\t\t<\/div>\n\t\t\t\t<div class=\"elementor-element elementor-element-505b7aa elementor-widget elementor-widget-image\" data-id=\"505b7aa\" data-element_type=\"widget\" data-widget_type=\"image.default\">\n\t\t\t\t<div class=\"elementor-widget-container\">\n\t\t\t\t\t\t\t\t<div class=\"elementor-image\">\n\t\t\t\t\t\t\t\t\t\t\t\t\t<a href=\"https:\/\/www.rozzo.cz\/kola\">\n\t\t\t\t\t\t\t<img width=\"750\" height=\"500\" src=\"https:\/\/www.bmbike.sk\/wp-content\/uploads\/2023\/07\/08751b-1024x683.jpg\" class=\"attachment-large size-large\" alt=\"\" loading=\"lazy\" srcset=\"https:\/\/www.bmbike.sk\/wp-content\/uploads\/2023\/07\/08751b-1024x683.jpg 1024w, https:\/\/www.bmbike.sk\/wp-content\/uploads\/2023\/07\/08751b-300x200.jpg 300w, https:\/\/www.bmbike.sk\/wp-content\/uploads\/2023\/07\/08751b-768x512.jpg 768w, https:\/\/www.bmbike.sk\/wp-content\/uploads\/2023\/07\/08751b-1536x1024.jpg 1536w, https:\/\/www.bmbike.sk\/wp-content\/uploads\/2023\/07\/08751b-2048x1365.jpg 2048w, https:\/\/www.bmbike.sk\/wp-content\/uploads\/2023\/07\/08751b-18x12.jpg 18w, https:\/\/www.bmbike.sk\/wp-content\/uploads\/2023\/07\/08751b-360x240.jpg 360w\" sizes=\"(max-width: 750px) 100vw, 750px\" \/>\t\t\t\t\t\t\t\t<\/a>\n\t\t\t\t\t\t\t\t\t\t\t\t\t\t<\/div>\n\t\t\t\t\t\t<\/div>\n\t\t\t\t<\/div>\n\t\t\t\t<div class=\"elementor-element elementor-element-2010d23 elementor-widget elementor-widget-image\" data-id=\"2010d23\" data-element_type=\"widget\" data-widget_type=\"image.default\">\n\t\t\t\t<div class=\"elementor-widget-container\">\n\t\t\t\t\t\t\t\t<div class=\"elementor-image\">\n\t\t\t\t\t\t\t\t\t\t\t\t\t<a href=\"https:\/\/www.rozzo.cz\/kola\">\n\t\t\t\t\t\t\t<img width=\"750\" height=\"500\" src=\"https:\/\/www.bmbike.sk\/wp-content\/uploads\/2023\/07\/DSC6552-1024x683.jpg\" class=\"attachment-large size-large\" alt=\"\" loading=\"lazy\" srcset=\"https:\/\/www.bmbike.sk\/wp-content\/uploads\/2023\/07\/DSC6552-1024x683.jpg 1024w, https:\/\/www.bmbike.sk\/wp-content\/uploads\/2023\/07\/DSC6552-300x200.jpg 300w, https:\/\/www.bmbike.sk\/wp-content\/uploads\/2023\/07\/DSC6552-768x512.jpg 768w, https:\/\/www.bmbike.sk\/wp-content\/uploads\/2023\/07\/DSC6552-1536x1024.jpg 1536w, https:\/\/www.bmbike.sk\/wp-content\/uploads\/2023\/07\/DSC6552-2048x1365.jpg 2048w, https:\/\/www.bmbike.sk\/wp-content\/uploads\/2023\/07\/DSC6552-18x12.jpg 18w, https:\/\/www.bmbike.sk\/wp-content\/uploads\/2023\/07\/DSC6552-360x240.jpg 360w\" sizes=\"(max-width: 750px) 100vw, 750px\" \/>\t\t\t\t\t\t\t\t<\/a>\n\t\t\t\t\t\t\t\t\t\t\t\t\t\t<\/div>\n\t\t\t\t\t\t<\/div>\n\t\t\t\t<\/div>\n\t\t\t\t\t\t<\/div>\n\t\t\t\t\t<\/div>\n\t\t<\/div>\n\t\t\t\t<div class=\"elementor-column elementor-col-33 elementor-inner-column elementor-element elementor-element-e045161\" data-id=\"e045161\" data-element_type=\"column\">\n\t\t\t<div class=\"elementor-column-wrap elementor-element-populated\">\n\t\t\t\t\t\t\t<div class=\"elementor-widget-wrap\">\n\t\t\t\t\t\t<div class=\"elementor-element elementor-element-51cc83f elementor-widget elementor-widget-image\" data-id=\"51cc83f\" data-element_type=\"widget\" data-widget_type=\"image.default\">\n\t\t\t\t<div class=\"elementor-widget-container\">\n\t\t\t\t\t\t\t\t<div class=\"elementor-image\">\n\t\t\t\t\t\t\t\t\t\t\t\t\t<a href=\"https:\/\/www.rozzo.cz\/kola\">\n\t\t\t\t\t\t\t<img width=\"750\" height=\"500\" src=\"https:\/\/www.bmbike.sk\/wp-content\/uploads\/2023\/07\/DSC6335-1024x683.jpg\" class=\"attachment-large size-large\" alt=\"\" loading=\"lazy\" srcset=\"https:\/\/www.bmbike.sk\/wp-content\/uploads\/2023\/07\/DSC6335-1024x683.jpg 1024w, https:\/\/www.bmbike.sk\/wp-content\/uploads\/2023\/07\/DSC6335-300x200.jpg 300w, https:\/\/www.bmbike.sk\/wp-content\/uploads\/2023\/07\/DSC6335-768x512.jpg 768w, https:\/\/www.bmbike.sk\/wp-content\/uploads\/2023\/07\/DSC6335-1536x1024.jpg 1536w, https:\/\/www.bmbike.sk\/wp-content\/uploads\/2023\/07\/DSC6335-2048x1365.jpg 2048w, https:\/\/www.bmbike.sk\/wp-content\/uploads\/2023\/07\/DSC6335-18x12.jpg 18w, https:\/\/www.bmbike.sk\/wp-content\/uploads\/2023\/07\/DSC6335-360x240.jpg 360w\" sizes=\"(max-width: 750px) 100vw, 750px\" \/>\t\t\t\t\t\t\t\t<\/a>\n\t\t\t\t\t\t\t\t\t\t\t\t\t\t<\/div>\n\t\t\t\t\t\t<\/div>\n\t\t\t\t<\/div>\n\t\t\t\t<div class=\"elementor-element elementor-element-9618ded elementor-widget elementor-widget-image\" data-id=\"9618ded\" data-element_type=\"widget\" data-widget_type=\"image.default\">\n\t\t\t\t<div class=\"elementor-widget-container\">\n\t\t\t\t\t\t\t\t<div class=\"elementor-image\">\n\t\t\t\t\t\t\t\t\t\t\t\t\t<a href=\"https:\/\/www.rozzo.cz\/kola\">\n\t\t\t\t\t\t\t<img width=\"750\" height=\"563\" src=\"https:\/\/www.bmbike.sk\/wp-content\/uploads\/2023\/07\/A5030028-1024x768.jpg\" class=\"attachment-large size-large\" alt=\"\" loading=\"lazy\" srcset=\"https:\/\/www.bmbike.sk\/wp-content\/uploads\/2023\/07\/A5030028-1024x768.jpg 1024w, https:\/\/www.bmbike.sk\/wp-content\/uploads\/2023\/07\/A5030028-300x225.jpg 300w, https:\/\/www.bmbike.sk\/wp-content\/uploads\/2023\/07\/A5030028-768x576.jpg 768w, https:\/\/www.bmbike.sk\/wp-content\/uploads\/2023\/07\/A5030028-1536x1152.jpg 1536w, https:\/\/www.bmbike.sk\/wp-content\/uploads\/2023\/07\/A5030028-2048x1536.jpg 2048w, https:\/\/www.bmbike.sk\/wp-content\/uploads\/2023\/07\/A5030028-16x12.jpg 16w\" sizes=\"(max-width: 750px) 100vw, 750px\" \/>\t\t\t\t\t\t\t\t<\/a>\n\t\t\t\t\t\t\t\t\t\t\t\t\t\t<\/div>\n\t\t\t\t\t\t<\/div>\n\t\t\t\t<\/div>\n\t\t\t\t<div class=\"elementor-element elementor-element-5467f36 elementor-widget elementor-widget-image\" data-id=\"5467f36\" data-element_type=\"widget\" data-widget_type=\"image.default\">\n\t\t\t\t<div class=\"elementor-widget-container\">\n\t\t\t\t\t\t\t\t<div class=\"elementor-image\">\n\t\t\t\t\t\t\t\t\t\t\t\t\t<a href=\"https:\/\/www.rozzo.cz\/kola\">\n\t\t\t\t\t\t\t<img width=\"750\" height=\"500\" src=\"https:\/\/www.bmbike.sk\/wp-content\/uploads\/2023\/07\/Swift-blk-grey-1024x683.jpg\" class=\"attachment-large size-large\" alt=\"\" loading=\"lazy\" srcset=\"https:\/\/www.bmbike.sk\/wp-content\/uploads\/2023\/07\/Swift-blk-grey-1024x683.jpg 1024w, https:\/\/www.bmbike.sk\/wp-content\/uploads\/2023\/07\/Swift-blk-grey-300x200.jpg 300w, https:\/\/www.bmbike.sk\/wp-content\/uploads\/2023\/07\/Swift-blk-grey-768x512.jpg 768w, https:\/\/www.bmbike.sk\/wp-content\/uploads\/2023\/07\/Swift-blk-grey-1536x1024.jpg 1536w, https:\/\/www.bmbike.sk\/wp-content\/uploads\/2023\/07\/Swift-blk-grey-2048x1365.jpg 2048w, https:\/\/www.bmbike.sk\/wp-content\/uploads\/2023\/07\/Swift-blk-grey-18x12.jpg 18w, https:\/\/www.bmbike.sk\/wp-content\/uploads\/2023\/07\/Swift-blk-grey-360x240.jpg 360w\" sizes=\"(max-width: 750px) 100vw, 750px\" \/>\t\t\t\t\t\t\t\t<\/a>\n\t\t\t\t\t\t\t\t\t\t\t\t\t\t<\/div>\n\t\t\t\t\t\t<\/div>\n\t\t\t\t<\/div>\n\t\t\t\t\t\t<\/div>\n\t\t\t\t\t<\/div>\n\t\t<\/div>\n\t\t\t\t<div class=\"elementor-column elementor-col-33 elementor-inner-column elementor-element elementor-element-ef418a9\" data-id=\"ef418a9\" data-element_type=\"column\">\n\t\t\t<div class=\"elementor-column-wrap elementor-element-populated\">\n\t\t\t\t\t\t\t<div class=\"elementor-widget-wrap\">\n\t\t\t\t\t\t<div class=\"elementor-element elementor-element-1fc07ff elementor-widget elementor-widget-image\" data-id=\"1fc07ff\" data-element_type=\"widget\" data-widget_type=\"image.default\">\n\t\t\t\t<div class=\"elementor-widget-container\">\n\t\t\t\t\t\t\t\t<div class=\"elementor-image\">\n\t\t\t\t\t\t\t\t\t\t\t\t\t<a href=\"https:\/\/www.rozzo.cz\/kola\">\n\t\t\t\t\t\t\t<img width=\"750\" height=\"563\" src=\"https:\/\/www.bmbike.sk\/wp-content\/uploads\/2023\/07\/A5040048-1024x768.jpg\" class=\"attachment-large size-large\" alt=\"\" loading=\"lazy\" srcset=\"https:\/\/www.bmbike.sk\/wp-content\/uploads\/2023\/07\/A5040048-1024x768.jpg 1024w, https:\/\/www.bmbike.sk\/wp-content\/uploads\/2023\/07\/A5040048-300x225.jpg 300w, https:\/\/www.bmbike.sk\/wp-content\/uploads\/2023\/07\/A5040048-768x576.jpg 768w, https:\/\/www.bmbike.sk\/wp-content\/uploads\/2023\/07\/A5040048-1536x1152.jpg 1536w, https:\/\/www.bmbike.sk\/wp-content\/uploads\/2023\/07\/A5040048-2048x1536.jpg 2048w, https:\/\/www.bmbike.sk\/wp-content\/uploads\/2023\/07\/A5040048-16x12.jpg 16w\" sizes=\"(max-width: 750px) 100vw, 750px\" \/>\t\t\t\t\t\t\t\t<\/a>\n\t\t\t\t\t\t\t\t\t\t\t\t\t\t<\/div>\n\t\t\t\t\t\t<\/div>\n\t\t\t\t<\/div>\n\t\t\t\t<div class=\"elementor-element elementor-element-31e54cf elementor-widget elementor-widget-image\" data-id=\"31e54cf\" data-element_type=\"widget\" data-widget_type=\"image.default\">\n\t\t\t\t<div class=\"elementor-widget-container\">\n\t\t\t\t\t\t\t\t<div class=\"elementor-image\">\n\t\t\t\t\t\t\t\t\t\t\t\t\t<a href=\"https:\/\/www.rozzo.cz\/kola\">\n\t\t\t\t\t\t\t<img width=\"683\" height=\"1024\" src=\"https:\/\/www.bmbike.sk\/wp-content\/uploads\/2023\/07\/FCM-27-horni-trubka-683x1024.jpg\" class=\"attachment-large size-large\" alt=\"\" loading=\"lazy\" srcset=\"https:\/\/www.bmbike.sk\/wp-content\/uploads\/2023\/07\/FCM-27-horni-trubka-683x1024.jpg 683w, https:\/\/www.bmbike.sk\/wp-content\/uploads\/2023\/07\/FCM-27-horni-trubka-200x300.jpg 200w, https:\/\/www.bmbike.sk\/wp-content\/uploads\/2023\/07\/FCM-27-horni-trubka-768x1152.jpg 768w, https:\/\/www.bmbike.sk\/wp-content\/uploads\/2023\/07\/FCM-27-horni-trubka-1024x1536.jpg 1024w, https:\/\/www.bmbike.sk\/wp-content\/uploads\/2023\/07\/FCM-27-horni-trubka-1365x2048.jpg 1365w, https:\/\/www.bmbike.sk\/wp-content\/uploads\/2023\/07\/FCM-27-horni-trubka-8x12.jpg 8w, https:\/\/www.bmbike.sk\/wp-content\/uploads\/2023\/07\/FCM-27-horni-trubka-scaled.jpg 1707w\" sizes=\"(max-width: 683px) 100vw, 683px\" \/>\t\t\t\t\t\t\t\t<\/a>\n\t\t\t\t\t\t\t\t\t\t\t\t\t\t<\/div>\n\t\t\t\t\t\t<\/div>\n\t\t\t\t<\/div>\n\t\t\t\t\t\t<\/div>\n\t\t\t\t\t<\/div>\n\t\t<\/div>\n\t\t\t\t\t\t\t\t<\/div>\n\t\t\t\t\t<\/div>\n\t\t<\/section>\n\t\t\t\t\t\t<\/div>\n\t\t\t\t\t<\/div>\n\t\t<\/div>\n\t\t\t\t\t\t\t\t<\/div>\n\t\t\t\t\t<\/div>\n\t\t<\/section>\n\t\t\t\t\t\t<\/div>\n\t\t\t\t\t\t<\/div>\n\t\t\t\t\t<\/div>","protected":false},"excerpt":{"rendered":"<p>Od sna k v\u00fdrobe bicyklov: Majite\u013eom tejto zna\u010dky nie je nikto in\u00fd, ako Jarom\u00edr Hrub\u00fd. Jarom\u00edr v 80. rokoch zat\u00fa\u017eil po bicykli F1 legend\u00e1rnej zna\u010dky Favorit. Bohu\u017eia\u013e ho nez\u00edskal, nako\u013eko nebol registrovan\u00fd cyklista, \u010do v tej dobe bolo podmienkou. A ke\u010f\u017ee si svoj vysn\u00edvan\u00fd bicykel nemohol k\u00fapi\u0165, rozhodol sa, \u017ee [&hellip;]<\/p>","protected":false},"author":1,"featured_media":922,"parent":0,"menu_order":0,"comment_status":"closed","ping_status":"closed","template":"page-templates\/template-fullwidth.php","meta":{"spay_email":""},"_links":{"self":[{"href":"https:\/\/www.bmbike.sk\/en_us\/wp-json\/wp\/v2\/pages\/920"}],"collection":[{"href":"https:\/\/www.bmbike.sk\/en_us\/wp-json\/wp\/v2\/pages"}],"about":[{"href":"https:\/\/www.bmbike.sk\/en_us\/wp-json\/wp\/v2\/types\/page"}],"author":[{"embeddable":true,"href":"https:\/\/www.bmbike.sk\/en_us\/wp-json\/wp\/v2\/users\/1"}],"replies":[{"embeddable":true,"href":"https:\/\/www.bmbike.sk\/en_us\/wp-json\/wp\/v2\/comments?post=920"}],"version-history":[{"count":31,"href":"https:\/\/www.bmbike.sk\/en_us\/wp-json\/wp\/v2\/pages\/920\/revisions"}],"predecessor-version":[{"id":1013,"href":"https:\/\/www.bmbike.sk\/en_us\/wp-json\/wp\/v2\/pages\/920\/revisions\/1013"}],"wp:featuredmedia":[{"embeddable":true,"href":"https:\/\/www.bmbike.sk\/en_us\/wp-json\/wp\/v2\/media\/922"}],"wp:attachment":[{"href":"https:\/\/www.bmbike.sk\/en_us\/wp-json\/wp\/v2\/media?parent=920"}],"curies":[{"name":"wp","href":"https:\/\/api.w.org\/{rel}","templated":true}]}}