{"id":80,"date":"2018-05-18T22:25:13","date_gmt":"2018-05-18T20:25:13","guid":{"rendered":"https:\/\/www.bmbike.sk\/?page_id=80"},"modified":"2018-06-01T10:43:27","modified_gmt":"2018-06-01T08:43:27","slug":"zoou","status":"publish","type":"page","link":"https:\/\/www.bmbike.sk\/en_us\/zoou\/","title":{"rendered":"ZOOU"},"content":{"rendered":"<h5 style=\"text-align: center;\"><span style=\"text-decoration: underline;\"><strong>Pou\u010denie o spracovan\u00ed osobn\u00fdch \u00fadajov<\/strong><\/span><\/h5>\n<p>Na port\u00e1li bmbike.sk sa sna\u017e\u00edme zbiera\u0165 minimum va\u0161ich osobn\u00fdch \u00fadajov. Pod\u013ea nov\u00e9ho nariadenia eur\u00f3pskeho parlamentu a rady E\u00da 2016\/679 o ochrane fyzick\u00fdch os\u00f4b pri spracovan\u00ed osobn\u00fdch \u00fadajov a o vo\u013enom pohybe tak\u00fdchto \u00fadajov (GDPR), ako aj pod\u013ea\u00a0<strong>z\u00e1kona \u010d.18\/2018 o ochrane osobn\u00fdch \u00fadajov<\/strong>\u00a0(resp.\u00a0<strong>z\u00e1kona \u010d. 480\/2004 Sb.\u00a0<\/strong><strong><b>o n\u011bkter\u00fdch slu\u017eb\u00e1ch informa\u010dn\u00ed spole\u010dnosti a o zm\u011bn\u011b n\u011bkter\u00fdch z\u00e1kon\u016f<\/b>)\u00a0<\/strong>zo d\u0148a 25.5.2018, sme povinn\u00ed v\u00e1s transparentne informova\u0165 o tom, ak\u00e9 osobn\u00e9 \u00fadaje prechov\u00e1vame a za ak\u00fdm \u00fa\u010delom.<\/p>\n<ul>\n<li><strong>E-mailov\u00e9 adresy<\/strong> \u2013 Jedn\u00e1 sa o \u00fadaj, ktor\u00fd je povinn\u00fd pri rezerv\u00e1ci\u00ed produktu pre pr\u00edadn\u00e9 overenie v\u00e1\u0161ho z\u00e1ujmu o dan\u00fd tovar. Na e-mailov\u00e9 adresy neposielame newslettery ani ich nezdie\u013eame s tret\u00edmi stranami za \u00fa\u010delom inzercie. Tento \u00fadaj\u00a0<strong>nie je\u00a0<\/strong><strong>vidite\u013en\u00fd<\/strong> pre \u0161irok\u00fa verejnos\u0165. N\u00e1\u0161 syst\u00e9m WordPress je nakonfigurovan\u00fd tak, aby v\u00e1m na uveden\u00fa e-mailov\u00fa adresu automaticky poslal potvrdenie o evidovan\u00ed rezerv\u00e1cie a\u00a0<span>tak, aby v\u00e1m na uveden\u00fa e-mailov\u00fa adresu automaticky poslal upozornenie v pr\u00edpade, \u017ee in\u00fd u\u017e\u00edvate\u013e zareaguje na v\u00e1\u0161 koment\u00e1r.<\/span> Takisto vie administrat\u00edva aj v\u010faka e-mailov\u00fdm adres\u00e1m efekt\u00edvne bojova\u0165 proti spamu.<\/li>\n<li><strong>IP adresy<\/strong> \u2013 Jedn\u00e1 sa o \u00fadaj, ktor\u00fd analyzuje bezpe\u010dnostn\u00fd syst\u00e9m Wordfence\u2122 spolo\u010dnosti Defiant, Inc., (s\u00eddlom 800 5th Ave Ste 4100, Seattle, WA 98104, USA) za \u00fa\u010delom boja proti spamu, brute-force \u00fatokom a bezpe\u010dnostn\u00fdm hrozb\u00e1m. V \u010dase p\u00edsania tohto dokumentu vyu\u017e\u00edvame najnov\u0161iu verziu 7.1.4 zo d\u0148a 3. m\u00e1ja\/kv\u011btna 2018, ktor\u00e1 u\u017e sp\u013a\u0148a nariadenie GDPR.<\/li>\n<li><strong>Meno<\/strong> \u2013 Jedn\u00e1 sa o \u00fadaj, ktor\u00fd je povinn\u00fd pre zverejnenie koment\u00e1ra. Pod menom nem\u00e1me na mysli va\u0161e krstn\u00e9 meno ani priezvisko, re\u0161pektujeme va\u0161e pr\u00e1vo na s\u00fakromie a nie je z\u00e1konnou ani zmluvnou povinnos\u0165ou poskytova\u0165 tieto osobn\u00e9 \u00fadaje serveru. Zverejnen\u00edm skuto\u010dn\u00e9ho mena alebo priezviska v kolonke \u201eMeno\u201c tak\u00a0ude\u013eujete serveru bmbike.sk pr\u00edstup k tomuto s\u00fakromn\u00e9mu \u00fadaju iba na z\u00e1klade svojho osobn\u00e9ho uv\u00e1\u017eenia.<\/li>\n<li><strong>Cookies<\/strong> \u2013 S\u00fabory cookies s\u00fa mal\u00e9 s\u00fabory obsahuj\u00face re\u0165azce znakov odosielan\u00e9 do V\u00e1\u0161ho po\u010d\u00edta\u010da pri n\u00e1v\u0161teve webovej str\u00e1nky. Pri \u010fal\u0161ej n\u00e1v\u0161teve s\u00fabor cookie webovej str\u00e1nke umo\u017en\u00ed rozpozna\u0165 v\u00e1\u0161 prehliada\u010d. Pomocou s\u00faborov cookies je mo\u017en\u00e9 ulo\u017ei\u0165 u\u017e\u00edvate\u013esk\u00e9 nastavenia a \u010fal\u0161ie \u00fadaje. Svoj prehliada\u010d m\u00f4\u017eete nastavi\u0165 tak, aby v\u0161etky s\u00fabory cookie odmietal alebo hl\u00e1sil, ke\u010f sa v\u00e1m niekto pok\u00fasi zasla\u0165 s\u00fabor cookie. Niektor\u00e9 funkcie alebo slu\u017eby na webovej str\u00e1nke v\u0161ak bez s\u00faborov cookie nemusia fungova\u0165 spr\u00e1vne.<\/li>\n<\/ul>\n<p>N\u00e1\u0161 port\u00e1l\u00a0<strong>nezbiera<\/strong>\u00a0inform\u00e1cie o va\u0161om pohlav\u00ed, d\u00e1tume narodenia, krajin\u00e1ch ani mieste pobytu. Zbierame teda len elektronick\u00e9 \u00fadaje (IP adresu, cookies) a kontaktn\u00e9 inform\u00e1cie (e-mailov\u00fa adresu). Tieto \u00fadaje s\u00fa na serveri bmbike.sk uchov\u00e1van\u00e9 po dobu 1 mesiaca od ich poskytnutia.<\/p>\n<p><strong>Svojou rezer\u00e1ciou produktu a\/alebo vlo\u017een\u00edm koment\u00e1ra ude\u013eujem s\u00fahlas<\/strong> serveru bmbike.sk so spracovan\u00edm svojich osobn\u00fdch \u00fadajov a to ako zo strany administrat\u00edvy port\u00e1lu bmbike.sk, tak aj za pou\u017eitia automatizovan\u00fdch postupov tak\u00fdm sp\u00f4sobom, ak\u00e9 boli uveden\u00e9 vy\u0161\u0161ie. V d\u00f4sledku automatizovan\u00e9ho rozhodovania, ale aj v d\u00f4sledku z\u00e1sahu administr\u00e1tora, m\u00f4\u017eu by\u0165 vybran\u00fdm u\u017e\u00edvate\u013eom spr\u00edstupnen\u00e9 \u010di obmedzen\u00e9 ur\u010dit\u00e9 funkcie a\/alebo v\u00fdhody.<\/p>\n<p>Z\u00e1rove\u0148 zd\u00f4raz\u0148ujeme, \u017ee k mojim osobn\u00fdm \u00fadajom\u00a0<strong>nebude ma\u0165 bez m\u00f4jho dodato\u010dn\u00e9ho s\u00fahlasu \u010di z\u00e1konnej povinnosti pr\u00edstup in\u00e1, tretia osoba<\/strong>. Tento s\u00fahlas ude\u013eujem na dobu trvania m\u00f4jho p\u00f4sobenia na port\u00e1li bmbike.sk a to do doby odvolania s\u00fahlasu. Kedyko\u013evek m\u00e1m pr\u00e1vo tento s\u00fahlas odvola\u0165 a z\u00e1rove\u0148 tak ukon\u010di\u0165 moje p\u00f4sobenie na port\u00e1li. T\u00fdmto potvrd\u00edm zmazanie svojich \u00fadajov zo str\u00e1nky, \u010do zah\u0155\u0148a zmazanie profilu, e-mailov\u00fdch adries a koment\u00e1rov, ako aj z\u00e1znamov o va\u0161ej IP adrese.<\/p>\n<p>&nbsp;<\/p>\n<h3><strong>Va\u0161e pr\u00e1va ako subjektu \u00fadajov s\u00favisiace so spracovan\u00edm osobn\u00fdch \u00fadajov:<\/strong><\/h3>\n<p><strong>Pr\u00e1vo na pr\u00edstup k osobn\u00fdm \u00fadajom:<\/strong><\/p>\n<p>M\u00e1te pr\u00e1vo vy\u017eiada\u0165 si od spr\u00e1vcu potvrdenie, \u010di s\u00fa Va\u0161e osobn\u00e9 \u00fadaje spr\u00e1vcom spracov\u00e1van\u00e9 \u010di v\u00f4bec. Ak s\u00fa Va\u0161e osobn\u00e9 \u00fadaje spracov\u00e1van\u00e9, m\u00e1te pr\u00e1vo na\u010falej k nim z\u00edska\u0165 pr\u00edstup spolu s nasleduj\u00facimi inform\u00e1ciami o:<\/p>\n<ul>\n<li>\u00fa\u010del spracovania<\/li>\n<li>kateg\u00f3rii dotknut\u00fdch osobn\u00fdch \u00fadajoch<\/li>\n<li>pr\u00edjemcoch alebo kateg\u00f3ri\u00e1ch pr\u00edjemcov, ktor\u00fdm osobn\u00e9 \u00fadaje boli alebo bud\u00fa spr\u00edstupnen\u00e9<\/li>\n<li>pl\u00e1novanej dobe, po ktor\u00fa bud\u00fa osobn\u00e9 \u00fadaje ulo\u017een\u00e9 a v pr\u00edpade, \u017ee ju nie je mo\u017en\u00e9 ur\u010di\u0165, krit\u00e9ri\u00e1ch pou\u017eit\u00fdch ku stanoveniu tejto doby<\/li>\n<li>existenciu pr\u00e1va po\u017eadova\u0165 od spr\u00e1vcu opravu alebo zmazanie osobn\u00fdch \u00fadajov, obmedzenie ich spracovania alebo pr\u00e1va vznies\u0165 n\u00e1mietku proti tomuto spracovaniu<\/li>\n<li>pr\u00e1ve poda\u0165 s\u0165a\u017enos\u0165 u dozorn\u00e9ho \u00faradu<\/li>\n<li>v\u0161etk\u00fdch dostupn\u00fdch inform\u00e1ci\u00e1ch o zdroji osobn\u00fdch \u00fadajov<\/li>\n<li>o tom, \u010di doch\u00e1dza k automatizovan\u00e9mu rozhodovaniu, vr\u00e1tane profilovania, o pou\u017eitom postupe, ako aj v\u00fdzname a predpokladan\u00fdch d\u00f4sledkoch tak\u00e9hoto spracovania.<\/li>\n<\/ul>\n<p>Spr\u00e1vca V\u00e1m poskytne k\u00f3piu spracov\u00e1van\u00fdch osobn\u00fdch \u00fadajov. Za druh\u00fa a ka\u017ed\u00fa \u010fal\u0161iu k\u00f3piu je spr\u00e1vca opr\u00e1vnen\u00fd \u00fa\u010dtova\u0165 primeran\u00fd poplatok na z\u00e1klade administrat\u00edvnych n\u00e1kladov.<\/p>\n<p>&nbsp;<\/p>\n<p><strong>Pr\u00e1vo na opravu \u00fadajov<\/strong><\/p>\n<p>Je va\u0161im pr\u00e1vom, aby spr\u00e1vca bezodkladne opravil nepresn\u00e9 osobn\u00e9 \u00fadaje, ktor\u00e9 sa V\u00e1s t\u00fdkaj\u00fa. S prihliadnut\u00edm na \u00fa\u010dely spracovania tie\u017e m\u00e1te pr\u00e1vo na doplnenie ne\u00fapln\u00fdch osobn\u00fdch \u00fadajov a to aj s poskytnut\u00edm dodato\u010dn\u00e9ho prehl\u00e1senia.<\/p>\n<p>&nbsp;<\/p>\n<p><strong>Pr\u00e1vo na zmazanie \u00fadajov<\/strong><\/p>\n<p>V pr\u00edpade niektor\u00e9ho z nasleduj\u00facich d\u00f4vodov m\u00e1te pr\u00e1vo, aby spr\u00e1vca webu bmbike.sk bez zbyto\u010dn\u00e9ho odkladu vymazal osobn\u00e9 \u00fadaje, ktor\u00e9 sa V\u00e1s t\u00fdkaj\u00fa:<\/p>\n<ul>\n<li>osobn\u00e9 \u00fadaje u\u017e nie s\u00fa potrebn\u00e9 pre \u00fa\u010dely, pre ktor\u00e9 boli zhroma\u017eden\u00e9 alebo inak spracovan\u00e9<\/li>\n<li>odvolali ste s\u00fahlas, na z\u00e1klade ktor\u00e9ho boli \u00fadaje spracovan\u00e9 a neexistuje \u017eiaden \u010fal\u0161\u00ed pr\u00e1vny d\u00f4vod pre spracovanie<\/li>\n<li>osobn\u00e9 \u00fadaje boli spracovan\u00e9 protipr\u00e1vne<\/li>\n<li>osobn\u00e9 \u00fadaje musia by\u0165 vymazan\u00e9 pre splenie pr\u00e1vnej povinnosti<\/li>\n<li>osobn\u00e9 \u00fadaje boli zhroma\u017eden\u00e9 v s\u00favislosti s ponukou slu\u017eieb informa\u010dnej spolo\u010dnosti<\/li>\n<\/ul>\n<p>Pr\u00e1vo na zmazanie \u00fadajov nie je mo\u017en\u00e9 uplatni\u0165, ak je dan\u00e1 z\u00e1konn\u00e1 v\u00fdnimka, najm\u00e4 ak je spracovanie osobn\u00fdch \u00fadajov potrebn\u00e9 pre:<\/p>\n<ul>\n<li>splnenie pr\u00e1vnej povinnosti, ktor\u00e9 vy\u017eaduje spracovanie pod\u013ea pr\u00e1va Eur\u00f3pskej \u00fanie alebo \u010dlensk\u00e9ho \u0161t\u00e1tu, ktor\u00e9 sa na spr\u00e1vcu vz\u0165ahuje<\/li>\n<li>pre ur\u010denie, v\u00fdkon alebo obhajobu pr\u00e1vnych n\u00e1rokov<\/li>\n<\/ul>\n<p>&nbsp;<\/p>\n<p><strong>Pr\u00e1vo na obmedzenie spracovania<\/strong><\/p>\n<p>M\u00e1te pr\u00e1vo na to, aby spr\u00e1vca obmedzil spracovanie osobn\u00fdch \u00fadajov v ktoromko\u013evek z nasleduj\u00facich pr\u00edpadov:<\/p>\n<ul>\n<li>popierate presnos\u0165 spracov\u00e1van\u00fdch osobn\u00fdch \u00fadajov, spracovanie bude obmedzen\u00e9 po dobu potrebn\u00fa k tomu, aby spr\u00e1vca mohol presnos\u0165 osobn\u00fdch \u00fadajov overi\u0165<\/li>\n<li>spracovanie je protipr\u00e1vne a Vy odmietate zmaza\u0165 osobn\u00e9 \u00fadaje, miesto toho po\u017eiadate o obmedzenie ich pou\u017eitia<\/li>\n<li>spr\u00e1vca u\u017e nepotrebuje osobn\u00e9 \u00fadaje pre \u00fa\u010dely spracovania, ale Vy ich po\u017eadujete pre ur\u010denie, v\u00fdkon alebo obhajobu pr\u00e1vnych n\u00e1rokov<\/li>\n<li>vzniesli ste n\u00e1mietku proti spracovaniu pod\u013ea \u010dl. 21 odst. 1 GDPR a to pok\u00fdm nebude overen\u00e9, \u010di opr\u00e1vnen\u00e9 d\u00f4vody spr\u00e1vcu prevl\u00e1daj\u00fa nad va\u0161imi opr\u00e1vnen\u00fdmi d\u00f4vodmi.<\/li>\n<\/ul>\n<p>Ak bolo spracov\u00e1vanie obmedzen\u00e9, m\u00f4\u017eu by\u0165 osobn\u00e9 \u00fadaje, s v\u00fdnimkou ich ulo\u017eenia, spracov\u00e1van\u00e9 iba s Va\u0161im s\u00fahlasom alebo z d\u00f4vodu ur\u010denia, v\u00fdkonu alebo obhajoby pr\u00e1vnych n\u00e1rokov alebo z d\u00f4vodu ochrany pr\u00e1v inej fyzickej alebo pr\u00e1vnickej osoby alebo z d\u00f4vodov d\u00f4le\u017eit\u00e9ho verejn\u00e9ho z\u00e1ujmu Eur\u00f3pskej \u00fanie \u010di niektor\u00e9ho \u010dlensk\u00e9ho \u0161t\u00e1tu.<\/p>\n<p>&nbsp;<\/p>\n<p><strong>Pr\u00e1vo na prenosite\u013enos\u0165 \u00fadajov<\/strong><\/p>\n<p>M\u00e1te pr\u00e1vo, aby spr\u00e1vca predal Va\u0161e osobn\u00e9 \u00fadaje spracov\u00e1van\u00e9 automaticky na z\u00e1klade V\u00e1\u0161ho s\u00fahlasu in\u00e9mu spr\u00e1vcovi v \u0161trukt\u00farovanom, be\u017ene pou\u017e\u00edvanom a strojovo \u010ditate\u013eom form\u00e1te. Pri v\u00fdkone svojho pr\u00e1va na prenosite\u013enos\u0165 \u00fadajov m\u00e1te pr\u00e1vo na to, aby osobn\u00e9 \u00fadaje boli predan\u00e9 priamo jedn\u00fdm spr\u00e1vcom druh\u00e9mu, ak je to technicky mo\u017en\u00e9.<\/p>\n<p>Svoje pr\u00e1va vypl\u00fdvaj\u00face zo spracovania osobn\u00fdch \u00fadajov m\u00f4\u017eete ako subjekt osobn\u00fdch \u00fadajov kedyko\u013evek uplatni\u0165 kontaktovan\u00edm spr\u00e1vcu na adrese: <span class=\"ra\">Ing. <\/span><span class=\"ra\">Miroslav <\/span><span class=\"ra\">Kov\u00e1\u010d <\/span><br \/>\n<span class=\"ra\">Karpatsk\u00e1 <\/span><span><\/span><span class=\"ra\">71\/93,\u00a0900 33,\u00a0<\/span><span class=\"ra\">Marianka<\/span><span class=\"ra\">\u00a0<\/span>alebo e-mailom na adresu bicykleumira(zavin\u00e1\u010d)gmail.com.<\/p>\n<p>&nbsp;<\/p>\n<p><strong>Sp\u00f4sob poskytnutia inform\u00e1ci\u00ed:<\/strong><\/p>\n<p>Spr\u00e1vca inform\u00e1cie poskytuje p\u00edsomne v papierovej podobe. Ak kontaktujete spr\u00e1vcu elektronicky na jeho e-mailov\u00fa adresu, bud\u00fa V\u00e1m inform\u00e1cie poskytnut\u00e9 elektronicky, ak o ich poskytnutie nepo\u017eiadate v papierovej podobe.<\/p>\n<p>V\u0161etky vyjadrenia k uplatnen\u00fdm pr\u00e1vam spr\u00e1vca poskytuje bezplatne a to \u010do najsk\u00f4r, najnesk\u00f4r v\u0161ak do 30 dn\u00ed od uplatnenia pr\u00e1va. Spr\u00e1vca je opr\u00e1vnen\u00fd takto stanoven\u00fa lehotu v pr\u00edpade potreby a s oh\u013eadom na zlo\u017eitos\u0165 a po\u010det \u017eiadost\u00ed pred\u013a\u017ei\u0165 o 60 dn\u00ed. Spr\u00e1vca je povinn\u00fd informova\u0165 subjekt \u00fadajov o pred\u013a\u017een\u00ed stanovenej lehoty.<\/p>\n<p>Spr\u00e1vca si vyhradzuje pr\u00e1vo, ak by do\u0161lo k uplatneniu Va\u0161ich pr\u00e1v bezd\u00f4vodne \u010di neprimerane, najm\u00e4 preto, ak by sa opakovali, \u00fa\u010dtova\u0165 V\u00e1m primeran\u00fd poplatok zoh\u013ead\u0148uj\u00faci administrat\u00edvne n\u00e1klady spojen\u00e9 s poskytnut\u00edm po\u017eadovan\u00fdch inform\u00e1ci\u00ed alebo odmietnu\u0165 vyhovie\u0165 \u017eiadosti.<\/p>\n<p>&nbsp;<\/p>\n<p><strong>Pr\u00e1vo poda\u0165 s\u0165a\u017enos\u0165<\/strong><\/p>\n<p>Oh\u013eadom \u010dinnosti spr\u00e1vcu alebo pr\u00edjemcu osobn\u00fdch \u00fadajov m\u00f4\u017eete poda\u0165 s\u0165a\u017enos\u0165 a to p\u00edsomne na po\u0161tov\u00fa adresu spr\u00e1vcu Pri vinohradoch 27, 831 06 Bratislava alebo e-mailom na jaro(zavin\u00e1\u010d)xboxer.sk, \u010di osobne v s\u00eddle spr\u00e1vcu. Zo s\u0165a\u017enosti mus\u00ed by\u0165 zrejm\u00e9, kto ju pod\u00e1va a \u010do je jej predmetom. V opa\u010dnom pr\u00edpade, alebo ak je to nutn\u00e9 k vybaveniu s\u0165a\u017enosti, spr\u00e1vca vyzve k doplneniu takejto s\u0165a\u017enosti v stanovenej lehote. Ak nebude s\u0165a\u017enos\u0165 doplnen\u00e1 a p\u00f4jde o vadu br\u00e1niacu jej prejednaniu, nebude m\u00f4c\u0165 by\u0165 vybaven\u00e1. Lehota na vybavenie s\u0165a\u017enosti je 30 kalend\u00e1rnych dn\u00ed a za\u010d\u00edna plyn\u00fa\u0165 prv\u00fdm pracovn\u00fdm d\u0148om po jej doru\u010den\u00ed. S\u0165a\u017enosti s\u00fa vybavovan\u00e9 bez zbyto\u010dn\u00e9ho odkladu.<\/p>\n<p>Ak by boli dotknut\u00e9 ak\u00e9ko\u013evek in\u00e9 prostriedky pr\u00e1vnej alebo s\u00fadnej ochrany, m\u00e1te pr\u00e1vo poda\u0165 s\u0165a\u017enos\u0165 na\u00a0\u00darade na ochranu osobn\u00fdch \u00fadajov Slovenskej republiky, so s\u00eddlom\u00a0Hrani\u010dn\u00e1 4826\/12, 820 07 Ru\u017einov, tel. \u010d.\u00a0+421 \/2\/ 3231 3214, e-mail:\u00a0statny.dozor(zavin\u00e1\u010d)pdp.gov.sk, ak sa domnievate, \u017ee spracovan\u00edm Va\u0161ich osobn\u00fdch \u00fadajov je poru\u0161en\u00e9 niektor\u00e9 z ustanoven\u00ed v nariaden\u00ed GDPR.<\/p>","protected":false},"excerpt":{"rendered":"<p>Pou\u010denie o spracovan\u00ed osobn\u00fdch \u00fadajov Na port\u00e1li bmbike.sk sa sna\u017e\u00edme zbiera\u0165 minimum va\u0161ich osobn\u00fdch \u00fadajov. Pod\u013ea nov\u00e9ho nariadenia eur\u00f3pskeho parlamentu a rady E\u00da 2016\/679 o ochrane fyzick\u00fdch os\u00f4b pri spracovan\u00ed osobn\u00fdch \u00fadajov a o vo\u013enom pohybe tak\u00fdchto \u00fadajov (GDPR), ako aj pod\u013ea\u00a0z\u00e1kona \u010d.18\/2018 o ochrane osobn\u00fdch \u00fadajov\u00a0(resp.\u00a0z\u00e1kona \u010d. 480\/2004 Sb.\u00a0o [&hellip;]<\/p>","protected":false},"author":1,"featured_media":180,"parent":0,"menu_order":0,"comment_status":"closed","ping_status":"closed","template":"","meta":{"spay_email":""},"_links":{"self":[{"href":"https:\/\/www.bmbike.sk\/en_us\/wp-json\/wp\/v2\/pages\/80"}],"collection":[{"href":"https:\/\/www.bmbike.sk\/en_us\/wp-json\/wp\/v2\/pages"}],"about":[{"href":"https:\/\/www.bmbike.sk\/en_us\/wp-json\/wp\/v2\/types\/page"}],"author":[{"embeddable":true,"href":"https:\/\/www.bmbike.sk\/en_us\/wp-json\/wp\/v2\/users\/1"}],"replies":[{"embeddable":true,"href":"https:\/\/www.bmbike.sk\/en_us\/wp-json\/wp\/v2\/comments?post=80"}],"version-history":[{"count":4,"href":"https:\/\/www.bmbike.sk\/en_us\/wp-json\/wp\/v2\/pages\/80\/revisions"}],"predecessor-version":[{"id":190,"href":"https:\/\/www.bmbike.sk\/en_us\/wp-json\/wp\/v2\/pages\/80\/revisions\/190"}],"wp:featuredmedia":[{"embeddable":true,"href":"https:\/\/www.bmbike.sk\/en_us\/wp-json\/wp\/v2\/media\/180"}],"wp:attachment":[{"href":"https:\/\/www.bmbike.sk\/en_us\/wp-json\/wp\/v2\/media?parent=80"}],"curies":[{"name":"wp","href":"https:\/\/api.w.org\/{rel}","templated":true}]}}