{"id":57,"date":"2018-05-18T21:57:00","date_gmt":"2018-05-18T19:57:00","guid":{"rendered":"https:\/\/www.bmbike.sk\/?page_id=57"},"modified":"2025-02-18T20:50:52","modified_gmt":"2025-02-18T19:50:52","slug":"serivs","status":"publish","type":"page","link":"https:\/\/www.bmbike.sk\/en_us\/serivs\/","title":{"rendered":"Repair"},"content":{"rendered":"<div data-elementor-type=\"wp-post\" data-elementor-id=\"57\" class=\"elementor elementor-57\" data-elementor-settings=\"[]\">\n\t\t\t\t\t\t<div class=\"elementor-inner\">\n\t\t\t\t\t\t\t<div class=\"elementor-section-wrap\">\n\t\t\t\t\t\t\t<section class=\"elementor-section elementor-top-section elementor-element elementor-element-bd97272 elementor-section-boxed elementor-section-height-default elementor-section-height-default\" data-id=\"bd97272\" data-element_type=\"section\">\n\t\t\t\t\t\t<div class=\"elementor-container elementor-column-gap-default\">\n\t\t\t\t\t\t\t<div class=\"elementor-row\">\n\t\t\t\t\t<div class=\"elementor-column elementor-col-100 elementor-top-column elementor-element elementor-element-fe1af02\" data-id=\"fe1af02\" data-element_type=\"column\">\n\t\t\t<div class=\"elementor-column-wrap elementor-element-populated\">\n\t\t\t\t\t\t\t<div class=\"elementor-widget-wrap\">\n\t\t\t\t\t\t<div class=\"elementor-element elementor-element-244e391 elementor-widget elementor-widget-heading\" data-id=\"244e391\" data-element_type=\"widget\" data-widget_type=\"heading.default\">\n\t\t\t\t<div class=\"elementor-widget-container\">\n\t\t\t<h3 class=\"elementor-heading-title elementor-size-default\">SKVEL\u00c1 SPR\u00c1VA:<\/h3>\t\t<\/div>\n\t\t\t\t<\/div>\n\t\t\t\t<div class=\"elementor-element elementor-element-3ba1da2 elementor-widget elementor-widget-heading\" data-id=\"3ba1da2\" data-element_type=\"widget\" data-widget_type=\"heading.default\">\n\t\t\t\t<div class=\"elementor-widget-container\">\n\t\t\t<h2 class=\"elementor-heading-title elementor-size-default\">Napriek tendencii zvy\u0161ovania cien, sme pre v\u00e1s zachovali p\u00f4vodn\u00e9 ceny SERVISU<br><\/h2>\t\t<\/div>\n\t\t\t\t<\/div>\n\t\t\t\t<div class=\"elementor-element elementor-element-05b8043 elementor-widget elementor-widget-spacer\" data-id=\"05b8043\" data-element_type=\"widget\" data-widget_type=\"spacer.default\">\n\t\t\t\t<div class=\"elementor-widget-container\">\n\t\t\t\t\t<div class=\"elementor-spacer\">\n\t\t\t<div class=\"elementor-spacer-inner\"><\/div>\n\t\t<\/div>\n\t\t\t\t<\/div>\n\t\t\t\t<\/div>\n\t\t\t\t\t\t<\/div>\n\t\t\t\t\t<\/div>\n\t\t<\/div>\n\t\t\t\t\t\t\t\t<\/div>\n\t\t\t\t\t<\/div>\n\t\t<\/section>\n\t\t\t\t<section class=\"elementor-section elementor-top-section elementor-element elementor-element-67d695e elementor-section-boxed elementor-section-height-default elementor-section-height-default\" data-id=\"67d695e\" data-element_type=\"section\">\n\t\t\t\t\t\t<div class=\"elementor-container elementor-column-gap-default\">\n\t\t\t\t\t\t\t<div class=\"elementor-row\">\n\t\t\t\t\t<div class=\"elementor-column elementor-col-50 elementor-top-column elementor-element elementor-element-ff24b9c\" data-id=\"ff24b9c\" data-element_type=\"column\">\n\t\t\t<div class=\"elementor-column-wrap elementor-element-populated\">\n\t\t\t\t\t\t\t<div class=\"elementor-widget-wrap\">\n\t\t\t\t\t\t<div class=\"elementor-element elementor-element-34b0321 elementor-widget elementor-widget-text-editor\" data-id=\"34b0321\" data-element_type=\"widget\" data-widget_type=\"text-editor.default\">\n\t\t\t\t<div class=\"elementor-widget-container\">\n\t\t\t\t\t\t\t\t<div class=\"elementor-text-editor elementor-clearfix\">\n\t\t\t\t<p><span>Vykon\u00e1vame v\u0161etky be\u017en\u00e9 \u00fakony nevyhnutn\u00e9 pre bezprobl\u00e9mov\u00fd chod v\u00e1\u0161ho bicykla a realizujeme mo\u017enos\u0165 bicykel va\u0161ich snov si da\u0165 u n\u00e1s vysklada\u0165. Bicykle do opravy pr\u00edjmame bez objedn\u00e1vky, tak\u017ee nie je nutn\u00e9 n\u00e1s vopred kontaktova\u0165, sta\u010di ho smelo prinies\u0165 kedyko\u013evek o\u010disten\u00fd od hrub\u00fdch ne\u010dist\u00f4t ako blato. Bicykel zbe\u017ene obhliadneme, over\u00edme jeho technick\u00fd stav a doporu\u010d\u00edme adekv\u00e1tny servis. N\u00e1sledne priebe\u017ene vy\u010d\u00edslime orienta\u010dn\u00fa sumu opravy. O ukon\u010den\u00ed z\u00e1kazky, \u0161tandartne do piatich pracovn\u00fdch dn\u00ed, z\u00e1kazn\u00edka informujeme. Pr\u00edjmame bicykle zak\u00fapen\u00e9 i cez in\u00e9 obchody. Sme striktne zdr\u017eanliv\u00ed vo\u010di tzv. hypermarkov\u00fdm bicyklom a v r\u00e1mci bezpe\u010dnosti u\u017e\u00edvate\u013ea pre ich nedostato\u010dn\u00fa spo\u013eahlivos\u0165 a funk\u010dnos\u0165 ich do servisu nepr\u00edjmame. Cenn\u00edk pr\u00e1c je k dispoz\u00edci\u00ed na predajni.<\/span><\/p>\t\t\t\t\t<\/div>\n\t\t\t\t\t\t<\/div>\n\t\t\t\t<\/div>\n\t\t\t\t\t\t<\/div>\n\t\t\t\t\t<\/div>\n\t\t<\/div>\n\t\t\t\t<div class=\"elementor-column elementor-col-50 elementor-top-column elementor-element elementor-element-c379ad4\" data-id=\"c379ad4\" data-element_type=\"column\">\n\t\t\t<div class=\"elementor-column-wrap elementor-element-populated\">\n\t\t\t\t\t\t\t<div class=\"elementor-widget-wrap\">\n\t\t\t\t\t\t<div class=\"elementor-element elementor-element-795b913 elementor-widget elementor-widget-image\" data-id=\"795b913\" data-element_type=\"widget\" data-widget_type=\"image.default\">\n\t\t\t\t<div class=\"elementor-widget-container\">\n\t\t\t\t\t\t\t\t<div class=\"elementor-image\">\n\t\t\t\t\t\t\t\t\t\t\t\t<img width=\"1280\" height=\"720\" src=\"https:\/\/www.bmbike.sk\/wp-content\/uploads\/2025\/02\/maxresdefault-4.jpg\" class=\"attachment-2048x2048 size-2048x2048\" alt=\"\" loading=\"lazy\" srcset=\"https:\/\/www.bmbike.sk\/wp-content\/uploads\/2025\/02\/maxresdefault-4.jpg 1280w, https:\/\/www.bmbike.sk\/wp-content\/uploads\/2025\/02\/maxresdefault-4-300x169.jpg 300w, https:\/\/www.bmbike.sk\/wp-content\/uploads\/2025\/02\/maxresdefault-4-1024x576.jpg 1024w, https:\/\/www.bmbike.sk\/wp-content\/uploads\/2025\/02\/maxresdefault-4-768x432.jpg 768w, https:\/\/www.bmbike.sk\/wp-content\/uploads\/2025\/02\/maxresdefault-4-18x10.jpg 18w\" sizes=\"(max-width: 1280px) 100vw, 1280px\" \/>\t\t\t\t\t\t\t\t\t\t\t\t\t\t<\/div>\n\t\t\t\t\t\t<\/div>\n\t\t\t\t<\/div>\n\t\t\t\t\t\t<\/div>\n\t\t\t\t\t<\/div>\n\t\t<\/div>\n\t\t\t\t\t\t\t\t<\/div>\n\t\t\t\t\t<\/div>\n\t\t<\/section>\n\t\t\t\t\t\t<\/div>\n\t\t\t\t\t\t<\/div>\n\t\t\t\t\t<\/div>","protected":false},"excerpt":{"rendered":"<p>SKVEL\u00c1 SPR\u00c1VA: Napriek tendencii zvy\u0161ovania cien, sme pre v\u00e1s zachovali p\u00f4vodn\u00e9 ceny SERVISU Vykon\u00e1vame v\u0161etky be\u017en\u00e9 \u00fakony nevyhnutn\u00e9 pre bezprobl\u00e9mov\u00fd chod v\u00e1\u0161ho bicykla a realizujeme mo\u017enos\u0165 bicykel va\u0161ich snov si da\u0165 u n\u00e1s vysklada\u0165. Bicykle do opravy pr\u00edjmame bez objedn\u00e1vky, tak\u017ee nie je nutn\u00e9 n\u00e1s vopred kontaktova\u0165, sta\u010di ho smelo [&hellip;]<\/p>","protected":false},"author":1,"featured_media":12,"parent":0,"menu_order":0,"comment_status":"closed","ping_status":"closed","template":"","meta":{"spay_email":""},"_links":{"self":[{"href":"https:\/\/www.bmbike.sk\/en_us\/wp-json\/wp\/v2\/pages\/57"}],"collection":[{"href":"https:\/\/www.bmbike.sk\/en_us\/wp-json\/wp\/v2\/pages"}],"about":[{"href":"https:\/\/www.bmbike.sk\/en_us\/wp-json\/wp\/v2\/types\/page"}],"author":[{"embeddable":true,"href":"https:\/\/www.bmbike.sk\/en_us\/wp-json\/wp\/v2\/users\/1"}],"replies":[{"embeddable":true,"href":"https:\/\/www.bmbike.sk\/en_us\/wp-json\/wp\/v2\/comments?post=57"}],"version-history":[{"count":26,"href":"https:\/\/www.bmbike.sk\/en_us\/wp-json\/wp\/v2\/pages\/57\/revisions"}],"predecessor-version":[{"id":1152,"href":"https:\/\/www.bmbike.sk\/en_us\/wp-json\/wp\/v2\/pages\/57\/revisions\/1152"}],"wp:featuredmedia":[{"embeddable":true,"href":"https:\/\/www.bmbike.sk\/en_us\/wp-json\/wp\/v2\/media\/12"}],"wp:attachment":[{"href":"https:\/\/www.bmbike.sk\/en_us\/wp-json\/wp\/v2\/media?parent=57"}],"curies":[{"name":"wp","href":"https:\/\/api.w.org\/{rel}","templated":true}]}}