{"id":48,"date":"2018-05-18T21:54:26","date_gmt":"2018-05-18T19:54:26","guid":{"rendered":"https:\/\/www.bmbike.sk\/?page_id=48"},"modified":"2025-02-18T20:48:42","modified_gmt":"2025-02-18T19:48:42","slug":"o-nas","status":"publish","type":"page","link":"https:\/\/www.bmbike.sk\/en_us\/o-nas\/","title":{"rendered":"About"},"content":{"rendered":"<div data-elementor-type=\"wp-post\" data-elementor-id=\"48\" class=\"elementor elementor-48\" data-elementor-settings=\"[]\">\n\t\t\t\t\t\t<div class=\"elementor-inner\">\n\t\t\t\t\t\t\t<div class=\"elementor-section-wrap\">\n\t\t\t\t\t\t\t<section class=\"elementor-section elementor-top-section elementor-element elementor-element-a663020 elementor-section-boxed elementor-section-height-default elementor-section-height-default\" data-id=\"a663020\" data-element_type=\"section\">\n\t\t\t\t\t\t<div class=\"elementor-container elementor-column-gap-default\">\n\t\t\t\t\t\t\t<div class=\"elementor-row\">\n\t\t\t\t\t<div class=\"elementor-column elementor-col-100 elementor-top-column elementor-element elementor-element-80d4c45\" data-id=\"80d4c45\" data-element_type=\"column\">\n\t\t\t<div class=\"elementor-column-wrap elementor-element-populated\">\n\t\t\t\t\t\t\t<div class=\"elementor-widget-wrap\">\n\t\t\t\t\t\t<div class=\"elementor-element elementor-element-6949e65 elementor-widget elementor-widget-heading\" data-id=\"6949e65\" data-element_type=\"widget\" data-widget_type=\"heading.default\">\n\t\t\t\t<div class=\"elementor-widget-container\">\n\t\t\t<h2 class=\"elementor-heading-title elementor-size-default\">Who we are?<\/h2>\t\t<\/div>\n\t\t\t\t<\/div>\n\t\t\t\t\t\t<\/div>\n\t\t\t\t\t<\/div>\n\t\t<\/div>\n\t\t\t\t\t\t\t\t<\/div>\n\t\t\t\t\t<\/div>\n\t\t<\/section>\n\t\t\t\t<section class=\"elementor-section elementor-top-section elementor-element elementor-element-59312b8 elementor-section-boxed elementor-section-height-default elementor-section-height-default\" data-id=\"59312b8\" data-element_type=\"section\">\n\t\t\t\t\t\t<div class=\"elementor-container elementor-column-gap-default\">\n\t\t\t\t\t\t\t<div class=\"elementor-row\">\n\t\t\t\t\t<div class=\"elementor-column elementor-col-100 elementor-top-column elementor-element elementor-element-1697ce2\" data-id=\"1697ce2\" data-element_type=\"column\">\n\t\t\t<div class=\"elementor-column-wrap elementor-element-populated\">\n\t\t\t\t\t\t\t<div class=\"elementor-widget-wrap\">\n\t\t\t\t\t\t<div class=\"elementor-element elementor-element-4dec1a9 elementor-widget elementor-widget-text-editor\" data-id=\"4dec1a9\" data-element_type=\"widget\" data-widget_type=\"text-editor.default\">\n\t\t\t\t<div class=\"elementor-widget-container\">\n\t\t\t\t\t\t\t\t<div class=\"elementor-text-editor elementor-clearfix\">\n\t\t\t\t<p>BMBike - Bicycles at Miro. How should we describe ourself? We were really thinking about this. \nWe know that we are a family-run company with a sport spirit and we have a lot od enthusiasm that is an indispensable part of our daily routine, both working and private life.<\/p>\t\t\t\t\t<\/div>\n\t\t\t\t\t\t<\/div>\n\t\t\t\t<\/div>\n\t\t\t\t\t\t<\/div>\n\t\t\t\t\t<\/div>\n\t\t<\/div>\n\t\t\t\t\t\t\t\t<\/div>\n\t\t\t\t\t<\/div>\n\t\t<\/section>\n\t\t\t\t<section class=\"elementor-section elementor-top-section elementor-element elementor-element-f4e573c elementor-section-boxed elementor-section-height-default elementor-section-height-default\" data-id=\"f4e573c\" data-element_type=\"section\">\n\t\t\t\t\t\t<div class=\"elementor-container elementor-column-gap-default\">\n\t\t\t\t\t\t\t<div class=\"elementor-row\">\n\t\t\t\t\t<div class=\"elementor-column elementor-col-100 elementor-top-column elementor-element elementor-element-59c15c9\" data-id=\"59c15c9\" data-element_type=\"column\">\n\t\t\t<div class=\"elementor-column-wrap elementor-element-populated\">\n\t\t\t\t\t\t\t<div class=\"elementor-widget-wrap\">\n\t\t\t\t\t\t<div class=\"elementor-element elementor-element-bbc01d4 elementor-widget elementor-widget-text-editor\" data-id=\"bbc01d4\" data-element_type=\"widget\" data-widget_type=\"text-editor.default\">\n\t\t\t\t<div class=\"elementor-widget-container\">\n\t\t\t\t\t\t\t\t<div class=\"elementor-text-editor elementor-clearfix\">\n\t\t\t\t<p>Here you go,&nbsp;<\/p>\n<p>vst\u00fapte. Poz\u00fdvame v\u00e1s objavi\u0165 s nami \u010daro cyklistiky ako akt\u00edvneho \u017eivotn\u00e9ho \u0161t\u00fdlu. Radi v\u00e1m pom\u00f4\u017eeme napredova\u0165 prostredn\u00edctvom na\u0161ich bohat\u00fdch &#8220;bajkersk\u00fdch&#8221; sk\u00fasenost\u00ed a okrem produktov v\u00e1m dod\u00e1me i odvahu sta\u0165 sa cyklistami telom a du\u0161ou, tak ako sme my. Sme tu pre nad\u0161encov, hob\u00edkov, gram\u00e1rov, fajn\u0161mekrov, tr\u00e9novan\u00fdch i za\u010diato\u010dn\u00edkov. Jednoducho pre v\u0161etk\u00fdch. Okrem ponuky skvel\u00fdch bicyklov, dielov a pr\u00edslu\u0161enstva vykon\u00e1vame aj servis bicyklov, kde sa sna\u017e\u00edme aby ste bez svojho mil\u00e1\u010dika boli \u010do najkrat\u0161ie. Nikdy nezab\u00fadame, \u017ee n\u00e1\u0161 z\u00e1kazn\u00edk je n\u00e1\u0161 p\u00e1n, to u n\u00e1s naozaj plat\u00ed. Ale dos\u0165 u\u017e rozpisovania, ve\u010f pr\u00eddte sa sami presved\u010di\u0165. Te\u0161\u00edme sa na v\u00e1s!<\/p>\t\t\t\t\t<\/div>\n\t\t\t\t\t\t<\/div>\n\t\t\t\t<\/div>\n\t\t\t\t\t\t<\/div>\n\t\t\t\t\t<\/div>\n\t\t<\/div>\n\t\t\t\t\t\t\t\t<\/div>\n\t\t\t\t\t<\/div>\n\t\t<\/section>\n\t\t\t\t<section class=\"elementor-section elementor-top-section elementor-element elementor-element-00356fb elementor-section-boxed elementor-section-height-default elementor-section-height-default\" data-id=\"00356fb\" data-element_type=\"section\">\n\t\t\t\t\t\t<div class=\"elementor-container elementor-column-gap-default\">\n\t\t\t\t\t\t\t<div class=\"elementor-row\">\n\t\t\t\t\t<div class=\"elementor-column elementor-col-100 elementor-top-column elementor-element elementor-element-558f270\" data-id=\"558f270\" data-element_type=\"column\">\n\t\t\t<div class=\"elementor-column-wrap elementor-element-populated\">\n\t\t\t\t\t\t\t<div class=\"elementor-widget-wrap\">\n\t\t\t\t\t\t<div class=\"elementor-element elementor-element-68de8aa elementor-view-default elementor-widget elementor-widget-icon\" data-id=\"68de8aa\" data-element_type=\"widget\" data-widget_type=\"icon.default\">\n\t\t\t\t<div class=\"elementor-widget-container\">\n\t\t\t\t\t<div class=\"elementor-icon-wrapper\">\n\t\t\t<div class=\"elementor-icon\">\n\t\t\t\t\t\t\t<i class=\"fa fa-bicycle\" aria-hidden=\"true\"><\/i>\n\t\t\t\t\t\t<\/div>\n\t\t<\/div>\n\t\t\t\t<\/div>\n\t\t\t\t<\/div>\n\t\t\t\t<div class=\"elementor-element elementor-element-98b5490 elementor-widget elementor-widget-heading\" data-id=\"98b5490\" data-element_type=\"widget\" data-widget_type=\"heading.default\">\n\t\t\t\t<div class=\"elementor-widget-container\">\n\t\t\t<h2 class=\"elementor-heading-title elementor-size-default\">What do we offer?<\/h2>\t\t<\/div>\n\t\t\t\t<\/div>\n\t\t\t\t\t\t<\/div>\n\t\t\t\t\t<\/div>\n\t\t<\/div>\n\t\t\t\t\t\t\t\t<\/div>\n\t\t\t\t\t<\/div>\n\t\t<\/section>\n\t\t\t\t<section class=\"elementor-section elementor-top-section elementor-element elementor-element-3340c34 elementor-section-boxed elementor-section-height-default elementor-section-height-default\" data-id=\"3340c34\" data-element_type=\"section\">\n\t\t\t\t\t\t<div class=\"elementor-container elementor-column-gap-default\">\n\t\t\t\t\t\t\t<div class=\"elementor-row\">\n\t\t\t\t\t<div class=\"elementor-column elementor-col-100 elementor-top-column elementor-element elementor-element-66ce6a3\" data-id=\"66ce6a3\" data-element_type=\"column\">\n\t\t\t<div class=\"elementor-column-wrap elementor-element-populated\">\n\t\t\t\t\t\t\t<div class=\"elementor-widget-wrap\">\n\t\t\t\t\t\t<div class=\"elementor-element elementor-element-a7d097c elementor-widget elementor-widget-text-editor\" data-id=\"a7d097c\" data-element_type=\"widget\" data-widget_type=\"text-editor.default\">\n\t\t\t\t<div class=\"elementor-widget-container\">\n\t\t\t\t\t\t\t\t<div class=\"elementor-text-editor elementor-clearfix\">\n\t\t\t\t<p><strong>\u2013\u00a0<\/strong><b>hlavne kvalitn\u00e9 bicykle a v\u00fdborn\u00fd a r\u00fdchly servis<\/b><br \/><strong>- card payment or bank transfer<\/strong><br \/><strong>- sending on delivery<\/strong><br \/><strong>- free delivery within Bratislava<\/strong><br \/><strong>- loyalty discounts and benefits<\/strong><br \/><strong>- gift cards<\/strong><br \/><strong>- the possibility to visit outside the opening hours<\/strong><br \/><strong>- superior service<br \/><\/strong><strong>\u2013 <u>dvojro\u010dn\u00fd garan\u010dn\u00fd servis na na\u0161e bicykle ZDARMA<\/u><\/strong><\/p><p><strong>\u00a0 \u00a0 \u00a0 \u00a0 \u00a0 \u00a0 \u00a0 \u00a0 \u00a0Vyu\u017eite mo\u017enos\u0165 n\u00e1kupu cez e-mail alebo si objednajte tovar po telef\u00f3ne!\u00a0<\/strong><\/p>\t\t\t\t\t<\/div>\n\t\t\t\t\t\t<\/div>\n\t\t\t\t<\/div>\n\t\t\t\t\t\t<\/div>\n\t\t\t\t\t<\/div>\n\t\t<\/div>\n\t\t\t\t\t\t\t\t<\/div>\n\t\t\t\t\t<\/div>\n\t\t<\/section>\n\t\t\t\t\t\t<\/div>\n\t\t\t\t\t\t<\/div>\n\t\t\t\t\t<\/div>","protected":false},"excerpt":{"rendered":"<p>Kto sme? BMBike \u2013 Bicykle u Mira. Ako by sme sa mali op\u00edsa\u0165? Dlho sme nad t\u00fdm uva\u017eovali a\u017e n\u00e1s nie\u010do napadlo. Vieme, \u017ee sme r\u00fddzo rodinn\u00e1 firma so \u0161portov\u00fdm duchom a \u010do n\u00e1m rozhodne nech\u00fdba, je entuziazmus, ktor\u00fd je neod\u0161kriepite\u013enou s\u00fa\u010das\u0165ou na\u0161ej dennej rutiny, pracovnej i s\u00fakromnej. Nech sa [&hellip;]<\/p>","protected":false},"author":1,"featured_media":230,"parent":0,"menu_order":0,"comment_status":"closed","ping_status":"closed","template":"","meta":{"spay_email":""},"_links":{"self":[{"href":"https:\/\/www.bmbike.sk\/en_us\/wp-json\/wp\/v2\/pages\/48"}],"collection":[{"href":"https:\/\/www.bmbike.sk\/en_us\/wp-json\/wp\/v2\/pages"}],"about":[{"href":"https:\/\/www.bmbike.sk\/en_us\/wp-json\/wp\/v2\/types\/page"}],"author":[{"embeddable":true,"href":"https:\/\/www.bmbike.sk\/en_us\/wp-json\/wp\/v2\/users\/1"}],"replies":[{"embeddable":true,"href":"https:\/\/www.bmbike.sk\/en_us\/wp-json\/wp\/v2\/comments?post=48"}],"version-history":[{"count":24,"href":"https:\/\/www.bmbike.sk\/en_us\/wp-json\/wp\/v2\/pages\/48\/revisions"}],"predecessor-version":[{"id":1149,"href":"https:\/\/www.bmbike.sk\/en_us\/wp-json\/wp\/v2\/pages\/48\/revisions\/1149"}],"wp:featuredmedia":[{"embeddable":true,"href":"https:\/\/www.bmbike.sk\/en_us\/wp-json\/wp\/v2\/media\/230"}],"wp:attachment":[{"href":"https:\/\/www.bmbike.sk\/en_us\/wp-json\/wp\/v2\/media?parent=48"}],"curies":[{"name":"wp","href":"https:\/\/api.w.org\/{rel}","templated":true}]}}